{"id":115,"date":"2020-04-25T16:44:26","date_gmt":"2020-04-25T14:44:26","guid":{"rendered":"http:\/\/faillearnadapt.altervista.org\/edelweiss\/?page_id=115"},"modified":"2023-02-24T12:50:45","modified_gmt":"2023-02-24T12:50:45","slug":"prodotti","status":"publish","type":"page","link":"https:\/\/www.vivaioedelweiss.com\/site\/index.php\/prodotti\/","title":{"rendered":"Prodotti"},"content":{"rendered":"\n<!-- import bootstrap e jquery -->\n\n<link rel=\"stylesheet\" href=\"https:\/\/stackpath.bootstrapcdn.com\/bootstrap\/4.3.1\/css\/bootstrap.min.css\" integrity=\"sha384-ggOyR0iXCbMQv3Xipma34MD+dH\/1fQ784\/j6cY\/iJTQUOhcWr7x9JvoRxT2MZw1T\" crossorigin=\"anonymous\">\n<link href=\"\/\/netdna.bootstrapcdn.com\/bootstrap\/3.0.0\/css\/bootstrap-glyphicons.css\" rel=\"stylesheet\">\n\n\n<style>\n* {\n\tmargin: 0;\n\tpadding: 0;\n}\n.imgbox {\n\tdisplay: grid;\n\theight: 100%;\n}\n.center-fit {\n\tmax-width: 100%;\n\tmax-height: 100vh;\n\tmargin: auto;\n}\n<\/style>\n\n\n\n<figure class=\"wp-block-pullquote is-style-default has-colibri-color-3-color has-text-color\"><blockquote><p><mark style=\"background-color:rgba(0, 0, 0, 0);color:#0c8040\" class=\"has-inline-color\">&#8220;Coltivare il giardino ci macchia le mani, ma ci pulisce la mente.&#8221;<\/mark><\/p><cite>Ramon Eder<\/cite><\/blockquote><\/figure>\n\n\n\n<p>Nel nostro Garden troverete una vasta gamma di piante, da quelle da giardino a quelle ornamentali, passando da quelle grasse e succulente fino a quelle da interno, di cui potrete sceglierne dimensioni e variet\u00e0. Nella nostra serra &#8220;storica&#8221; invece potrete ammirare i nostri alberi di agrumi e da frutto, inebriandovi dei profumi e sorprendendovi dei colori.<\/p>\n\n\n\n<p>Passeggiando per il nostro viale alberato arriverete a perdervi tra le nostre numerose e rigogliose alberature, dagli esemplari pi\u00f9 piccoli a quelli pi\u00f9 grandi, valutando e scegliendo insieme a noi quello pi\u00f9 adatto alle vostre esigenze.  <\/p>\n\n\n\n<p>Nel nostro ombrario invece potrete scegliere tra le pi\u00f9 svariate specie di piante da siepe e piante rampicanti. <\/p>\n\n\n\n<div class=\"wp-block-group\"><div class=\"wp-block-group__inner-container is-layout-flow wp-block-group-is-layout-flow\"><div class=\"wp-block-image\">\n<figure class=\"aligncenter size-large is-resized\"><img loading=\"lazy\" decoding=\"async\" src=\"http:\/\/www.vivaioedelweiss.com\/site\/wp-content\/uploads\/2021\/10\/20210425_084517-01-1-1024x576.jpeg\" alt=\"\" class=\"wp-image-1941\" width=\"718\" height=\"403\" srcset=\"https:\/\/www.vivaioedelweiss.com\/site\/wp-content\/uploads\/2021\/10\/20210425_084517-01-1-1024x576.jpeg 1024w, https:\/\/www.vivaioedelweiss.com\/site\/wp-content\/uploads\/2021\/10\/20210425_084517-01-1-300x169.jpeg 300w, https:\/\/www.vivaioedelweiss.com\/site\/wp-content\/uploads\/2021\/10\/20210425_084517-01-1-768x432.jpeg 768w, https:\/\/www.vivaioedelweiss.com\/site\/wp-content\/uploads\/2021\/10\/20210425_084517-01-1-1536x864.jpeg 1536w, https:\/\/www.vivaioedelweiss.com\/site\/wp-content\/uploads\/2021\/10\/20210425_084517-01-1-2048x1152.jpeg 2048w\" sizes=\"auto, (max-width: 718px) 100vw, 718px\" \/><\/figure>\n<\/div>\n\n\n<p class=\"has-colibri-color-3-color has-text-color has-large-font-size\"><strong>Negozi<\/strong><\/p>\n\n\n\n<p><\/p>\n\n\n\n<p>Nei nostri negozi &#8220;dedicati&#8221; avrete a disposizione una serie di articoli per la cura e la difesa delle vostre piante, come concimi e disabituanti, con una parte specifica destinata alla cura, nutrizione e mantenimento del prato con i prodotti della linea <strong>Bottos<\/strong> di cui siamo rivenditori ufficiali.  Oltre ad un&#8217;ampia scelta di vasi da esterno e d&#8217;arredo forniti da aziende attente alla sostenibilit\u00e0 attraverso l&#8217;utilizzo di materiali a basso impatto ambientale.   <\/p>\n\n\n\n<p>Infine nel nostro negozio riservato agli attrezzi potrete scegliere una serie di prodotti per l&#8217;agricoltura e giardinaggio, dai pi\u00f9 semplici a quelli pi\u00f9 specifici, come ad esempio decespugliatori, soffiatori, motoseghe fino ai robot pi\u00f9 innovativi come <strong>&#8220;Ambrogio&#8221;<\/strong>, il tagliaerba automatico che grazie alle nuove <em>Smart Technologies ZCS<\/em>, riuscirete a gestire e controllare ovunque vi troviate comodamente dal vostro cellulare. Troverete inoltre tutta la linea dei prodotti <strong>Fiaba<\/strong>, una tra le aziende pi\u00f9 importanti nel settore della distribuzione di prodotti per la manutenzione del verde di cui siamo, anche in questo caso, rivenditori ufficiali. <\/p>\n\n\n\n<p> <\/p>\n<\/div><\/div>\n\n\n\n<div class=\"wp-block-group\"><div class=\"wp-block-group__inner-container is-layout-flow wp-block-group-is-layout-flow\">\n<figure class=\"wp-block-gallery has-nested-images columns-default is-cropped wp-block-gallery-1 is-layout-flex wp-block-gallery-is-layout-flex\">\n<figure class=\"wp-block-image size-large\"><img loading=\"lazy\" decoding=\"async\" width=\"1024\" height=\"683\" data-id=\"1938\" src=\"http:\/\/www.vivaioedelweiss.com\/site\/wp-content\/uploads\/2021\/10\/IMG_1290b-1024x683.jpg\" alt=\"\" class=\"wp-image-1938\" srcset=\"https:\/\/www.vivaioedelweiss.com\/site\/wp-content\/uploads\/2021\/10\/IMG_1290b-1024x683.jpg 1024w, https:\/\/www.vivaioedelweiss.com\/site\/wp-content\/uploads\/2021\/10\/IMG_1290b-300x200.jpg 300w, https:\/\/www.vivaioedelweiss.com\/site\/wp-content\/uploads\/2021\/10\/IMG_1290b-768x512.jpg 768w, https:\/\/www.vivaioedelweiss.com\/site\/wp-content\/uploads\/2021\/10\/IMG_1290b-1536x1024.jpg 1536w, https:\/\/www.vivaioedelweiss.com\/site\/wp-content\/uploads\/2021\/10\/IMG_1290b-2048x1365.jpg 2048w\" sizes=\"auto, (max-width: 1024px) 100vw, 1024px\" \/><\/figure>\n\n\n\n<figure class=\"wp-block-image size-large\"><img loading=\"lazy\" decoding=\"async\" width=\"1024\" height=\"683\" data-id=\"1987\" src=\"http:\/\/www.vivaioedelweiss.com\/site\/wp-content\/uploads\/2021\/10\/IMG_1345-1024x683.jpg\" alt=\"\" class=\"wp-image-1987\" srcset=\"https:\/\/www.vivaioedelweiss.com\/site\/wp-content\/uploads\/2021\/10\/IMG_1345-1024x683.jpg 1024w, https:\/\/www.vivaioedelweiss.com\/site\/wp-content\/uploads\/2021\/10\/IMG_1345-300x200.jpg 300w, https:\/\/www.vivaioedelweiss.com\/site\/wp-content\/uploads\/2021\/10\/IMG_1345-768x512.jpg 768w, https:\/\/www.vivaioedelweiss.com\/site\/wp-content\/uploads\/2021\/10\/IMG_1345-1536x1024.jpg 1536w, https:\/\/www.vivaioedelweiss.com\/site\/wp-content\/uploads\/2021\/10\/IMG_1345-2048x1365.jpg 2048w\" sizes=\"auto, (max-width: 1024px) 100vw, 1024px\" \/><\/figure>\n\n\n\n<figure class=\"wp-block-image size-large\"><img loading=\"lazy\" decoding=\"async\" width=\"1024\" height=\"683\" data-id=\"1945\" src=\"http:\/\/www.vivaioedelweiss.com\/site\/wp-content\/uploads\/2021\/10\/IMG_1290b-1-1024x683.jpg\" alt=\"\" class=\"wp-image-1945\" srcset=\"https:\/\/www.vivaioedelweiss.com\/site\/wp-content\/uploads\/2021\/10\/IMG_1290b-1-1024x683.jpg 1024w, https:\/\/www.vivaioedelweiss.com\/site\/wp-content\/uploads\/2021\/10\/IMG_1290b-1-300x200.jpg 300w, https:\/\/www.vivaioedelweiss.com\/site\/wp-content\/uploads\/2021\/10\/IMG_1290b-1-768x512.jpg 768w, https:\/\/www.vivaioedelweiss.com\/site\/wp-content\/uploads\/2021\/10\/IMG_1290b-1-1536x1024.jpg 1536w, https:\/\/www.vivaioedelweiss.com\/site\/wp-content\/uploads\/2021\/10\/IMG_1290b-1-2048x1365.jpg 2048w\" sizes=\"auto, (max-width: 1024px) 100vw, 1024px\" \/><\/figure>\n<\/figure>\n<\/div><\/div>\n","protected":false},"excerpt":{"rendered":"<p>&#8220;Coltivare il giardino ci macchia le mani, ma ci pulisce la mente.&#8221; Ramon Eder Nel nostro Garden troverete una vasta gamma di piante, da quelle da giardino a quelle ornamentali, passando da quelle grasse e succulente fino a quelle da interno, di cui potrete sceglierne dimensioni e variet\u00e0. Nella nostra serra &#8220;storica&#8221; invece potrete ammirare [&hellip;]<\/p>\n","protected":false},"author":1,"featured_media":0,"parent":0,"menu_order":0,"comment_status":"closed","ping_status":"closed","template":"","meta":{"footnotes":""},"class_list":["post-115","page","type-page","status-publish","hentry"],"_links":{"self":[{"href":"https:\/\/www.vivaioedelweiss.com\/site\/index.php\/wp-json\/wp\/v2\/pages\/115","targetHints":{"allow":["GET"]}}],"collection":[{"href":"https:\/\/www.vivaioedelweiss.com\/site\/index.php\/wp-json\/wp\/v2\/pages"}],"about":[{"href":"https:\/\/www.vivaioedelweiss.com\/site\/index.php\/wp-json\/wp\/v2\/types\/page"}],"author":[{"embeddable":true,"href":"https:\/\/www.vivaioedelweiss.com\/site\/index.php\/wp-json\/wp\/v2\/users\/1"}],"replies":[{"embeddable":true,"href":"https:\/\/www.vivaioedelweiss.com\/site\/index.php\/wp-json\/wp\/v2\/comments?post=115"}],"version-history":[{"count":30,"href":"https:\/\/www.vivaioedelweiss.com\/site\/index.php\/wp-json\/wp\/v2\/pages\/115\/revisions"}],"predecessor-version":[{"id":2598,"href":"https:\/\/www.vivaioedelweiss.com\/site\/index.php\/wp-json\/wp\/v2\/pages\/115\/revisions\/2598"}],"wp:attachment":[{"href":"https:\/\/www.vivaioedelweiss.com\/site\/index.php\/wp-json\/wp\/v2\/media?parent=115"}],"curies":[{"name":"wp","href":"https:\/\/api.w.org\/{rel}","templated":true}]}}