{"id":119,"date":"2020-04-25T16:45:08","date_gmt":"2020-04-25T14:45:08","guid":{"rendered":"http:\/\/faillearnadapt.altervista.org\/edelweiss\/?page_id=119"},"modified":"2023-02-24T12:43:37","modified_gmt":"2023-02-24T12:43:37","slug":"lavori-svolti","status":"publish","type":"page","link":"https:\/\/www.vivaioedelweiss.com\/site\/index.php\/lavori-svolti\/","title":{"rendered":"I nostri lavori"},"content":{"rendered":"\n<link rel=\"stylesheet\" href=\"https:\/\/stackpath.bootstrapcdn.com\/bootstrap\/4.3.1\/css\/bootstrap.min.css\" integrity=\"sha384-ggOyR0iXCbMQv3Xipma34MD+dH\/1fQ784\/j6cY\/iJTQUOhcWr7x9JvoRxT2MZw1T\" crossorigin=\"anonymous\">\n\n\n\n<figure class=\"wp-block-pullquote has-colibri-color-3-color has-text-color\"><blockquote><p>&#8220;Mostrami il tuo giardino e ti dir\u00f2 cosa sei.&#8221;<\/p><cite>Alfred Austin<\/cite><\/blockquote><\/figure>\n\n\n\n<p>Un aspetto fondamentale per la nostra azienda \u00e8 la <strong>progettazione<\/strong> e <strong>realizzazione<\/strong> degli spazi verdi. <\/p>\n\n\n\n<p><em><strong>La soddisfazione del cliente \u00e8 l&#8217;obiettivo principale per noi.<\/strong><\/em><\/p>\n\n\n\n<p> \u00c8 un processo lungo, che vede il susseguirsi di varie fasi, prima fra tutte &#8220;il racconto&#8221; dell&#8217;idea che il cliente ha del suo giardino ideale, in cui ci spiega i suoi desideri. Desideri che per\u00f2 poi vanno trasformati in realt\u00e0 attraverso la conoscenza, esperienza e professionalit\u00e0 del nostro staff. <\/p>\n\n\n\n<p>Non sempre l&#8217;idea del cliente risulta realizzabile, dovendo tenere in considerazione diversi fattori che incidono sulla realizzazione o meno del loro &#8220;sogno&#8221;, come ad esempio gli spazi che si hanno a disposizione, il tipo di suolo su cui si vuole realizzare il giardino, l&#8217;esposizione e le condizioni climatiche e di conseguenza le piante capaci di resistere a queste condizioni, la vegetazione gi\u00e0 esistente e tanto altro. Ed \u00e8 naturalmente in questa fase che entra in campo (nel vero senso della parola) il nostro team di progettisti e manutentori, che dopo un accurato sopralluogo procederanno a &#8220;mettere su carta&#8221; le varie opzioni da presentare al cliente, cercando di conciliare i famosi desideri e le reali possibilit\u00e0 strutturali.<\/p>\n\n\n\n<p>Dopo averlo seguito anche nell&#8217;analisi delle varie ipotesi di progetto, lo si accompagner\u00e0 verso la scelta pi\u00f9 giusta, cio\u00e8 quella in cui convoglieranno le aspettative del cliente e le nostre comprovate competenze professionali. <\/p>\n\n\n\n<figure class=\"wp-block-gallery has-nested-images columns-default is-cropped wp-block-gallery-1 is-layout-flex wp-block-gallery-is-layout-flex\">\n<figure class=\"wp-block-image size-large\"><img loading=\"lazy\" decoding=\"async\" width=\"768\" height=\"1024\" data-id=\"2578\" src=\"http:\/\/www.vivaioedelweiss.com\/site\/wp-content\/uploads\/2023\/02\/8-768x1024.jpeg\" alt=\"\" class=\"wp-image-2578\" srcset=\"https:\/\/www.vivaioedelweiss.com\/site\/wp-content\/uploads\/2023\/02\/8-768x1024.jpeg 768w, https:\/\/www.vivaioedelweiss.com\/site\/wp-content\/uploads\/2023\/02\/8-225x300.jpeg 225w, https:\/\/www.vivaioedelweiss.com\/site\/wp-content\/uploads\/2023\/02\/8-1152x1536.jpeg 1152w, https:\/\/www.vivaioedelweiss.com\/site\/wp-content\/uploads\/2023\/02\/8-1536x2048.jpeg 1536w, https:\/\/www.vivaioedelweiss.com\/site\/wp-content\/uploads\/2023\/02\/8-scaled.jpeg 1920w\" sizes=\"auto, (max-width: 768px) 100vw, 768px\" \/><\/figure>\n\n\n\n<figure class=\"wp-block-image size-large\"><img loading=\"lazy\" decoding=\"async\" width=\"690\" height=\"1024\" data-id=\"2579\" src=\"http:\/\/www.vivaioedelweiss.com\/site\/wp-content\/uploads\/2023\/02\/14-690x1024.jpeg\" alt=\"\" class=\"wp-image-2579\" srcset=\"https:\/\/www.vivaioedelweiss.com\/site\/wp-content\/uploads\/2023\/02\/14-690x1024.jpeg 690w, https:\/\/www.vivaioedelweiss.com\/site\/wp-content\/uploads\/2023\/02\/14-202x300.jpeg 202w, https:\/\/www.vivaioedelweiss.com\/site\/wp-content\/uploads\/2023\/02\/14-768x1139.jpeg 768w, https:\/\/www.vivaioedelweiss.com\/site\/wp-content\/uploads\/2023\/02\/14.jpeg 970w\" sizes=\"auto, (max-width: 690px) 100vw, 690px\" \/><\/figure>\n\n\n\n<figure class=\"wp-block-image size-large\"><img loading=\"lazy\" decoding=\"async\" width=\"485\" height=\"1024\" data-id=\"2580\" src=\"http:\/\/www.vivaioedelweiss.com\/site\/wp-content\/uploads\/2023\/02\/16-Copia-485x1024.jpeg\" alt=\"\" class=\"wp-image-2580\" srcset=\"https:\/\/www.vivaioedelweiss.com\/site\/wp-content\/uploads\/2023\/02\/16-Copia-485x1024.jpeg 485w, https:\/\/www.vivaioedelweiss.com\/site\/wp-content\/uploads\/2023\/02\/16-Copia-142x300.jpeg 142w, https:\/\/www.vivaioedelweiss.com\/site\/wp-content\/uploads\/2023\/02\/16-Copia-768x1622.jpeg 768w, https:\/\/www.vivaioedelweiss.com\/site\/wp-content\/uploads\/2023\/02\/16-Copia-728x1536.jpeg 728w, https:\/\/www.vivaioedelweiss.com\/site\/wp-content\/uploads\/2023\/02\/16-Copia.jpeg 970w\" sizes=\"auto, (max-width: 485px) 100vw, 485px\" \/><\/figure>\n\n\n\n<figure class=\"wp-block-image size-large\"><img loading=\"lazy\" decoding=\"async\" width=\"768\" height=\"1024\" data-id=\"2582\" src=\"http:\/\/www.vivaioedelweiss.com\/site\/wp-content\/uploads\/2023\/02\/5-768x1024.jpeg\" alt=\"\" class=\"wp-image-2582\" srcset=\"https:\/\/www.vivaioedelweiss.com\/site\/wp-content\/uploads\/2023\/02\/5-768x1024.jpeg 768w, https:\/\/www.vivaioedelweiss.com\/site\/wp-content\/uploads\/2023\/02\/5-225x300.jpeg 225w, https:\/\/www.vivaioedelweiss.com\/site\/wp-content\/uploads\/2023\/02\/5-1152x1536.jpeg 1152w, https:\/\/www.vivaioedelweiss.com\/site\/wp-content\/uploads\/2023\/02\/5-1536x2048.jpeg 1536w, https:\/\/www.vivaioedelweiss.com\/site\/wp-content\/uploads\/2023\/02\/5-scaled.jpeg 1920w\" sizes=\"auto, (max-width: 768px) 100vw, 768px\" \/><\/figure>\n\n\n\n<figure class=\"wp-block-image size-large\"><img loading=\"lazy\" decoding=\"async\" width=\"1024\" height=\"544\" data-id=\"2581\" src=\"http:\/\/www.vivaioedelweiss.com\/site\/wp-content\/uploads\/2023\/02\/11-1024x544.jpeg\" alt=\"\" class=\"wp-image-2581\" srcset=\"https:\/\/www.vivaioedelweiss.com\/site\/wp-content\/uploads\/2023\/02\/11-1024x544.jpeg 1024w, https:\/\/www.vivaioedelweiss.com\/site\/wp-content\/uploads\/2023\/02\/11-300x159.jpeg 300w, https:\/\/www.vivaioedelweiss.com\/site\/wp-content\/uploads\/2023\/02\/11-768x408.jpeg 768w, https:\/\/www.vivaioedelweiss.com\/site\/wp-content\/uploads\/2023\/02\/11-1536x816.jpeg 1536w, https:\/\/www.vivaioedelweiss.com\/site\/wp-content\/uploads\/2023\/02\/11.jpeg 1827w\" sizes=\"auto, (max-width: 1024px) 100vw, 1024px\" \/><\/figure>\n\n\n\n<figure class=\"wp-block-image size-large\"><img loading=\"lazy\" decoding=\"async\" width=\"768\" height=\"1024\" data-id=\"2583\" src=\"http:\/\/www.vivaioedelweiss.com\/site\/wp-content\/uploads\/2023\/02\/6-768x1024.jpeg\" alt=\"\" class=\"wp-image-2583\" srcset=\"https:\/\/www.vivaioedelweiss.com\/site\/wp-content\/uploads\/2023\/02\/6-768x1024.jpeg 768w, https:\/\/www.vivaioedelweiss.com\/site\/wp-content\/uploads\/2023\/02\/6-225x300.jpeg 225w, https:\/\/www.vivaioedelweiss.com\/site\/wp-content\/uploads\/2023\/02\/6-1152x1536.jpeg 1152w, https:\/\/www.vivaioedelweiss.com\/site\/wp-content\/uploads\/2023\/02\/6-1536x2048.jpeg 1536w, https:\/\/www.vivaioedelweiss.com\/site\/wp-content\/uploads\/2023\/02\/6-scaled.jpeg 1920w\" sizes=\"auto, (max-width: 768px) 100vw, 768px\" \/><\/figure>\n\n\n\n<figure class=\"wp-block-image size-large\"><img loading=\"lazy\" decoding=\"async\" width=\"1024\" height=\"1024\" data-id=\"2577\" src=\"http:\/\/www.vivaioedelweiss.com\/site\/wp-content\/uploads\/2023\/02\/PCIMG_2021-07-18_12-25-27-01-1024x1024.jpeg\" alt=\"\" class=\"wp-image-2577\" srcset=\"https:\/\/www.vivaioedelweiss.com\/site\/wp-content\/uploads\/2023\/02\/PCIMG_2021-07-18_12-25-27-01-1024x1024.jpeg 1024w, https:\/\/www.vivaioedelweiss.com\/site\/wp-content\/uploads\/2023\/02\/PCIMG_2021-07-18_12-25-27-01-300x300.jpeg 300w, https:\/\/www.vivaioedelweiss.com\/site\/wp-content\/uploads\/2023\/02\/PCIMG_2021-07-18_12-25-27-01-150x150.jpeg 150w, https:\/\/www.vivaioedelweiss.com\/site\/wp-content\/uploads\/2023\/02\/PCIMG_2021-07-18_12-25-27-01-768x768.jpeg 768w, https:\/\/www.vivaioedelweiss.com\/site\/wp-content\/uploads\/2023\/02\/PCIMG_2021-07-18_12-25-27-01.jpeg 1080w\" sizes=\"auto, (max-width: 1024px) 100vw, 1024px\" \/><\/figure>\n\n\n\n<figure class=\"wp-block-image size-large\"><img loading=\"lazy\" decoding=\"async\" width=\"1024\" height=\"576\" data-id=\"2576\" src=\"http:\/\/www.vivaioedelweiss.com\/site\/wp-content\/uploads\/2023\/02\/IMG-20210730-WA0032-01-1024x576.jpeg\" alt=\"\" class=\"wp-image-2576\" srcset=\"https:\/\/www.vivaioedelweiss.com\/site\/wp-content\/uploads\/2023\/02\/IMG-20210730-WA0032-01-1024x576.jpeg 1024w, https:\/\/www.vivaioedelweiss.com\/site\/wp-content\/uploads\/2023\/02\/IMG-20210730-WA0032-01-300x169.jpeg 300w, https:\/\/www.vivaioedelweiss.com\/site\/wp-content\/uploads\/2023\/02\/IMG-20210730-WA0032-01-768x432.jpeg 768w, https:\/\/www.vivaioedelweiss.com\/site\/wp-content\/uploads\/2023\/02\/IMG-20210730-WA0032-01-1536x864.jpeg 1536w, https:\/\/www.vivaioedelweiss.com\/site\/wp-content\/uploads\/2023\/02\/IMG-20210730-WA0032-01.jpeg 2048w\" sizes=\"auto, (max-width: 1024px) 100vw, 1024px\" \/><\/figure>\n\n\n\n<figure class=\"wp-block-image size-large\"><img loading=\"lazy\" decoding=\"async\" width=\"768\" height=\"1024\" data-id=\"2575\" src=\"http:\/\/www.vivaioedelweiss.com\/site\/wp-content\/uploads\/2023\/02\/20210713_121435-01-768x1024.jpeg\" alt=\"\" class=\"wp-image-2575\" srcset=\"https:\/\/www.vivaioedelweiss.com\/site\/wp-content\/uploads\/2023\/02\/20210713_121435-01-768x1024.jpeg 768w, https:\/\/www.vivaioedelweiss.com\/site\/wp-content\/uploads\/2023\/02\/20210713_121435-01-225x300.jpeg 225w, https:\/\/www.vivaioedelweiss.com\/site\/wp-content\/uploads\/2023\/02\/20210713_121435-01-1152x1536.jpeg 1152w, https:\/\/www.vivaioedelweiss.com\/site\/wp-content\/uploads\/2023\/02\/20210713_121435-01-1536x2048.jpeg 1536w, https:\/\/www.vivaioedelweiss.com\/site\/wp-content\/uploads\/2023\/02\/20210713_121435-01-scaled.jpeg 1920w\" sizes=\"auto, (max-width: 768px) 100vw, 768px\" \/><\/figure>\n\n\n\n<figure class=\"wp-block-image size-large\"><img loading=\"lazy\" decoding=\"async\" width=\"1024\" height=\"768\" data-id=\"2574\" src=\"http:\/\/www.vivaioedelweiss.com\/site\/wp-content\/uploads\/2023\/02\/20210713_121418-01-1024x768.jpeg\" alt=\"\" class=\"wp-image-2574\" srcset=\"https:\/\/www.vivaioedelweiss.com\/site\/wp-content\/uploads\/2023\/02\/20210713_121418-01-1024x768.jpeg 1024w, https:\/\/www.vivaioedelweiss.com\/site\/wp-content\/uploads\/2023\/02\/20210713_121418-01-300x225.jpeg 300w, https:\/\/www.vivaioedelweiss.com\/site\/wp-content\/uploads\/2023\/02\/20210713_121418-01-768x576.jpeg 768w, https:\/\/www.vivaioedelweiss.com\/site\/wp-content\/uploads\/2023\/02\/20210713_121418-01-1536x1152.jpeg 1536w, https:\/\/www.vivaioedelweiss.com\/site\/wp-content\/uploads\/2023\/02\/20210713_121418-01-2048x1536.jpeg 2048w\" sizes=\"auto, (max-width: 1024px) 100vw, 1024px\" \/><\/figure>\n\n\n\n<figure class=\"wp-block-image size-large\"><img loading=\"lazy\" decoding=\"async\" width=\"1024\" height=\"1024\" data-id=\"2572\" src=\"http:\/\/www.vivaioedelweiss.com\/site\/wp-content\/uploads\/2023\/02\/PCIMG_2021-07-18_12-22-56-01-1-1024x1024.jpeg\" alt=\"\" class=\"wp-image-2572\" srcset=\"https:\/\/www.vivaioedelweiss.com\/site\/wp-content\/uploads\/2023\/02\/PCIMG_2021-07-18_12-22-56-01-1-1024x1024.jpeg 1024w, https:\/\/www.vivaioedelweiss.com\/site\/wp-content\/uploads\/2023\/02\/PCIMG_2021-07-18_12-22-56-01-1-300x300.jpeg 300w, https:\/\/www.vivaioedelweiss.com\/site\/wp-content\/uploads\/2023\/02\/PCIMG_2021-07-18_12-22-56-01-1-150x150.jpeg 150w, https:\/\/www.vivaioedelweiss.com\/site\/wp-content\/uploads\/2023\/02\/PCIMG_2021-07-18_12-22-56-01-1-768x768.jpeg 768w, https:\/\/www.vivaioedelweiss.com\/site\/wp-content\/uploads\/2023\/02\/PCIMG_2021-07-18_12-22-56-01-1.jpeg 1080w\" sizes=\"auto, (max-width: 1024px) 100vw, 1024px\" \/><\/figure>\n<\/figure>\n","protected":false},"excerpt":{"rendered":"<p>&#8220;Mostrami il tuo giardino e ti dir\u00f2 cosa sei.&#8221; Alfred Austin Un aspetto fondamentale per la nostra azienda \u00e8 la progettazione e realizzazione degli spazi verdi. La soddisfazione del cliente \u00e8 l&#8217;obiettivo principale per noi. \u00c8 un processo lungo, che vede il susseguirsi di varie fasi, prima fra tutte &#8220;il racconto&#8221; dell&#8217;idea che il cliente [&hellip;]<\/p>\n","protected":false},"author":1,"featured_media":0,"parent":0,"menu_order":0,"comment_status":"closed","ping_status":"closed","template":"","meta":{"footnotes":""},"class_list":["post-119","page","type-page","status-publish","hentry"],"_links":{"self":[{"href":"https:\/\/www.vivaioedelweiss.com\/site\/index.php\/wp-json\/wp\/v2\/pages\/119","targetHints":{"allow":["GET"]}}],"collection":[{"href":"https:\/\/www.vivaioedelweiss.com\/site\/index.php\/wp-json\/wp\/v2\/pages"}],"about":[{"href":"https:\/\/www.vivaioedelweiss.com\/site\/index.php\/wp-json\/wp\/v2\/types\/page"}],"author":[{"embeddable":true,"href":"https:\/\/www.vivaioedelweiss.com\/site\/index.php\/wp-json\/wp\/v2\/users\/1"}],"replies":[{"embeddable":true,"href":"https:\/\/www.vivaioedelweiss.com\/site\/index.php\/wp-json\/wp\/v2\/comments?post=119"}],"version-history":[{"count":13,"href":"https:\/\/www.vivaioedelweiss.com\/site\/index.php\/wp-json\/wp\/v2\/pages\/119\/revisions"}],"predecessor-version":[{"id":2592,"href":"https:\/\/www.vivaioedelweiss.com\/site\/index.php\/wp-json\/wp\/v2\/pages\/119\/revisions\/2592"}],"wp:attachment":[{"href":"https:\/\/www.vivaioedelweiss.com\/site\/index.php\/wp-json\/wp\/v2\/media?parent=119"}],"curies":[{"name":"wp","href":"https:\/\/api.w.org\/{rel}","templated":true}]}}