{"id":1714,"date":"2021-02-16T14:34:56","date_gmt":"2021-02-16T14:34:56","guid":{"rendered":"http:\/\/www.vivaioedelweiss.com\/site\/?page_id=1714"},"modified":"2023-02-25T10:52:07","modified_gmt":"2023-02-25T10:52:07","slug":"chi-siamo","status":"publish","type":"page","link":"https:\/\/www.vivaioedelweiss.com\/site\/index.php\/chi-siamo\/","title":{"rendered":"Chi siamo"},"content":{"rendered":"\n<p class=\"has-colibri-color-3-color has-text-color has-large-font-size\">La nostra storia<\/p>\n\n\n\n<p>Il Vivaio Edelweiss \u00e8 un&#8217;azienda florovivaistica nata nel 1954 dalla passione del suo fondatore Antonio Marangi e che oggi si estende su una superficie coltivata di oltre quattro ettari e quasi 2000 mq di coltivazioni protette.<\/p>\n\n\n\n<figure class=\"wp-block-gallery has-nested-images columns-default is-cropped wp-block-gallery-1 is-layout-flex wp-block-gallery-is-layout-flex\">\n<figure class=\"wp-block-image size-large\"><img loading=\"lazy\" decoding=\"async\" width=\"842\" height=\"583\" data-id=\"2241\" src=\"http:\/\/www.vivaioedelweiss.com\/site\/wp-content\/uploads\/2022\/02\/Foto-1.jpg\" alt=\"\" class=\"wp-image-2241\" srcset=\"https:\/\/www.vivaioedelweiss.com\/site\/wp-content\/uploads\/2022\/02\/Foto-1.jpg 842w, https:\/\/www.vivaioedelweiss.com\/site\/wp-content\/uploads\/2022\/02\/Foto-1-300x208.jpg 300w, https:\/\/www.vivaioedelweiss.com\/site\/wp-content\/uploads\/2022\/02\/Foto-1-768x532.jpg 768w\" sizes=\"auto, (max-width: 842px) 100vw, 842px\" \/><\/figure>\n\n\n\n<figure class=\"wp-block-image size-large\"><img loading=\"lazy\" decoding=\"async\" width=\"859\" height=\"587\" data-id=\"2242\" src=\"http:\/\/www.vivaioedelweiss.com\/site\/wp-content\/uploads\/2022\/02\/Foto-2.jpg\" alt=\"\" class=\"wp-image-2242\" srcset=\"https:\/\/www.vivaioedelweiss.com\/site\/wp-content\/uploads\/2022\/02\/Foto-2.jpg 859w, https:\/\/www.vivaioedelweiss.com\/site\/wp-content\/uploads\/2022\/02\/Foto-2-300x205.jpg 300w, https:\/\/www.vivaioedelweiss.com\/site\/wp-content\/uploads\/2022\/02\/Foto-2-768x525.jpg 768w\" sizes=\"auto, (max-width: 859px) 100vw, 859px\" \/><\/figure>\n\n\n\n<figure class=\"wp-block-image size-large\"><img loading=\"lazy\" decoding=\"async\" width=\"849\" height=\"570\" data-id=\"2244\" src=\"http:\/\/www.vivaioedelweiss.com\/site\/wp-content\/uploads\/2022\/02\/Foto-4.jpg\" alt=\"\" class=\"wp-image-2244\" srcset=\"https:\/\/www.vivaioedelweiss.com\/site\/wp-content\/uploads\/2022\/02\/Foto-4.jpg 849w, https:\/\/www.vivaioedelweiss.com\/site\/wp-content\/uploads\/2022\/02\/Foto-4-300x201.jpg 300w, https:\/\/www.vivaioedelweiss.com\/site\/wp-content\/uploads\/2022\/02\/Foto-4-768x516.jpg 768w\" sizes=\"auto, (max-width: 849px) 100vw, 849px\" \/><\/figure>\n<\/figure>\n\n\n\n<p>Nel corso degli anni, si sono avvicendate le diverse conduzioni, sempre legate da una continuit\u00e0 familiare e che, ai giorni nostri, vanta la terza generazione di Vivaisti, in un costante e continuo processo di evoluzione che ha permesso alla nostra impresa di diventare un punto di riferimento per il settore.<\/p>\n\n\n\n<figure class=\"wp-block-gallery has-nested-images columns-default is-cropped wp-block-gallery-2 is-layout-flex wp-block-gallery-is-layout-flex\">\n<figure class=\"wp-block-image size-large\"><img loading=\"lazy\" decoding=\"async\" width=\"845\" height=\"591\" data-id=\"2246\" src=\"http:\/\/www.vivaioedelweiss.com\/site\/wp-content\/uploads\/2022\/02\/Foto-6.jpg\" alt=\"\" class=\"wp-image-2246\" srcset=\"https:\/\/www.vivaioedelweiss.com\/site\/wp-content\/uploads\/2022\/02\/Foto-6.jpg 845w, https:\/\/www.vivaioedelweiss.com\/site\/wp-content\/uploads\/2022\/02\/Foto-6-300x210.jpg 300w, https:\/\/www.vivaioedelweiss.com\/site\/wp-content\/uploads\/2022\/02\/Foto-6-768x537.jpg 768w\" sizes=\"auto, (max-width: 845px) 100vw, 845px\" \/><\/figure>\n\n\n\n<figure class=\"wp-block-image size-large\"><img loading=\"lazy\" decoding=\"async\" width=\"861\" height=\"569\" data-id=\"2245\" src=\"http:\/\/www.vivaioedelweiss.com\/site\/wp-content\/uploads\/2022\/02\/Foto-5.jpg\" alt=\"\" class=\"wp-image-2245\" srcset=\"https:\/\/www.vivaioedelweiss.com\/site\/wp-content\/uploads\/2022\/02\/Foto-5.jpg 861w, https:\/\/www.vivaioedelweiss.com\/site\/wp-content\/uploads\/2022\/02\/Foto-5-300x198.jpg 300w, https:\/\/www.vivaioedelweiss.com\/site\/wp-content\/uploads\/2022\/02\/Foto-5-768x508.jpg 768w\" sizes=\"auto, (max-width: 861px) 100vw, 861px\" \/><\/figure>\n\n\n\n<figure class=\"wp-block-image size-full\"><img loading=\"lazy\" decoding=\"async\" width=\"849\" height=\"570\" data-id=\"2244\" src=\"http:\/\/www.vivaioedelweiss.com\/site\/wp-content\/uploads\/2022\/02\/Foto-4.jpg\" alt=\"\" class=\"wp-image-2244\" srcset=\"https:\/\/www.vivaioedelweiss.com\/site\/wp-content\/uploads\/2022\/02\/Foto-4.jpg 849w, https:\/\/www.vivaioedelweiss.com\/site\/wp-content\/uploads\/2022\/02\/Foto-4-300x201.jpg 300w, https:\/\/www.vivaioedelweiss.com\/site\/wp-content\/uploads\/2022\/02\/Foto-4-768x516.jpg 768w\" sizes=\"auto, (max-width: 849px) 100vw, 849px\" \/><\/figure>\n<\/figure>\n\n\n\n<p><br>Dall&#8217;inaugurazione del nostro Garden nel 2007, il punto vendita si \u00e8 gradualmente arricchito da tutte le altre strutture che oggi permettono al visitatore di vivere un&#8217;esperienza appagante attraverso l&#8217;offerta dei nostri prodotti e dei nostri servizi.<\/p>\n\n\n\n<p><br>Svariati sono i motivi per cui pu\u00f2 essere utile venirci a trovare : per l&#8217;acquisto di piante ornamentali, per la manutenzione o la realizzazione di aree a verde pubbliche o private, per la vasta scelta di materiali ed accessori legati al mondo del giardinaggio (per professionisti del settore ma non solo) o semplicemente per i nostri consigli!<br><br><br>Un Team giovane e dinamico rinnova ogni giorno, con entusiasmo, passione, competenza e professionalit\u00e0, l&#8217;interesse dei clienti alle pi\u00f9 svariate necessit\u00e0, proponendo corrette ed innovative soluzioni: che si tratti di una pianta in sofferenza o di una grande alberatura da potare, della realizzazione o restyling di un giardino, saremo sempre in grado di suggerire il miglior compromesso tra qualit\u00e0 e praticit\u00e0.<br><br><\/p>\n\n\n\n<div style=\"padding:20px;text-align:center\" class=\"wp-block-tnp-minimal\"><p>Resta aggiornato iscrivendoti alla nostra newsletter!<\/p><div><div class=\"tnp tnp-subscription-minimal \"><form action=\"https:\/\/www.vivaioedelweiss.com\/site\/?na=s\" method=\"post\"><input type=\"hidden\" name=\"nr\" value=\"minimal\"><input type=\"hidden\" name=\"nlang\" value=\"\"><input class=\"tnp-email\" type=\"email\" required name=\"ne\" value=\"\" placeholder=\"Email\"><input class=\"tnp-submit\" type=\"submit\" value=\"Resta aggiornato!\" style=\"background-color:\"><div class=\"tnp-field tnp-privacy-field\"><label><input type=\"checkbox\" name=\"ny\" required class=\"tnp-privacy\">&nbsp;Procedendo accetti la privacy policy<\/label><\/div><\/form><\/div>\n<\/div><\/div>\n","protected":false},"excerpt":{"rendered":"<p>La nostra storia Il Vivaio Edelweiss \u00e8 un&#8217;azienda florovivaistica nata nel 1954 dalla passione del suo fondatore Antonio Marangi e che oggi si estende su una superficie coltivata di oltre quattro ettari e quasi 2000 mq di coltivazioni protette. Nel corso degli anni, si sono avvicendate le diverse conduzioni, sempre legate da una continuit\u00e0 familiare [&hellip;]<\/p>\n","protected":false},"author":1,"featured_media":2241,"parent":0,"menu_order":0,"comment_status":"closed","ping_status":"closed","template":"","meta":{"footnotes":""},"class_list":["post-1714","page","type-page","status-publish","has-post-thumbnail","hentry"],"_links":{"self":[{"href":"https:\/\/www.vivaioedelweiss.com\/site\/index.php\/wp-json\/wp\/v2\/pages\/1714","targetHints":{"allow":["GET"]}}],"collection":[{"href":"https:\/\/www.vivaioedelweiss.com\/site\/index.php\/wp-json\/wp\/v2\/pages"}],"about":[{"href":"https:\/\/www.vivaioedelweiss.com\/site\/index.php\/wp-json\/wp\/v2\/types\/page"}],"author":[{"embeddable":true,"href":"https:\/\/www.vivaioedelweiss.com\/site\/index.php\/wp-json\/wp\/v2\/users\/1"}],"replies":[{"embeddable":true,"href":"https:\/\/www.vivaioedelweiss.com\/site\/index.php\/wp-json\/wp\/v2\/comments?post=1714"}],"version-history":[{"count":15,"href":"https:\/\/www.vivaioedelweiss.com\/site\/index.php\/wp-json\/wp\/v2\/pages\/1714\/revisions"}],"predecessor-version":[{"id":2601,"href":"https:\/\/www.vivaioedelweiss.com\/site\/index.php\/wp-json\/wp\/v2\/pages\/1714\/revisions\/2601"}],"wp:featuredmedia":[{"embeddable":true,"href":"https:\/\/www.vivaioedelweiss.com\/site\/index.php\/wp-json\/wp\/v2\/media\/2241"}],"wp:attachment":[{"href":"https:\/\/www.vivaioedelweiss.com\/site\/index.php\/wp-json\/wp\/v2\/media?parent=1714"}],"curies":[{"name":"wp","href":"https:\/\/api.w.org\/{rel}","templated":true}]}}